{"id":942,"date":"2015-12-30T08:53:41","date_gmt":"2015-12-30T10:53:41","guid":{"rendered":"http:\/\/birzuausra.lt\/?page_id=942"},"modified":"2020-01-15T13:49:31","modified_gmt":"2020-01-15T11:49:31","slug":"pirmunai","status":"publish","type":"page","link":"https:\/\/birzuausra.lt\/index.php\/ugdymas\/mokiniu-pasiekimai\/pirmunai\/","title":{"rendered":"Geriausieji"},"content":{"rendered":"<p><a href=\"https:\/\/birzuausra.lt\/wp-content\/uploads\/2020\/01\/Mokyklos-geriausieji-skaidr\u0117s.pdf\" target=\"_blank\" rel=\"noopener noreferrer\"><strong>Mokyklos administracija d\u0117koja u\u017e puikius ir labai gerus 2019-2020 m.m. I trimestro mokymosi rezultatus \u0161iems mokiniams:<\/strong><\/a><\/p>\n<p><strong><a href=\"https:\/\/birzuausra.lt\/wp-content\/uploads\/2019\/04\/Mokyklos-geriausieji.pdf\" target=\"_blank\" rel=\"noopener noreferrer\">Mokyklos administracija d\u0117koja u\u017e puikius ir labai gerus 2018-2019 m. m. II trimestro mokymosi rezultatus \u0161iems mokiniams:<\/a><\/strong><\/p>\n<p><strong><a href=\"https:\/\/birzuausra.lt\/wp-content\/uploads\/2019\/03\/Mokyklos-geriausieji.pdf\" target=\"_blank\" rel=\"noopener noreferrer\">Mokyklos administracija d\u0117koja u\u017e puikius ir labai gerus 2018-2019 m.m. I trimestro mokymosi rezultatus \u0161iems mokiniams:<\/a><\/strong><\/p>\n","protected":false},"excerpt":{"rendered":"<p>\t\t\t\t<![CDATA[]]>\t\t<\/p>\n","protected":false},"author":1,"featured_media":0,"parent":222,"menu_order":0,"comment_status":"closed","ping_status":"closed","template":"","meta":{"footnotes":""},"class_list":["post-942","page","type-page","status-publish","hentry"],"yoast_head":"<!-- This site is optimized with the Yoast SEO plugin v27.4 - https:\/\/yoast.com\/product\/yoast-seo-wordpress\/ -->\n<title>Geriausieji - Bir\u017e\u0173 \u201eAu\u0161ros\u201c pagrindin\u0117 mokykla<\/title>\n<meta name=\"robots\" content=\"index, follow, max-snippet:-1, max-image-preview:large, max-video-preview:-1\" \/>\n<link rel=\"canonical\" href=\"https:\/\/birzuausra.lt\/index.php\/ugdymas\/mokiniu-pasiekimai\/pirmunai\/\" \/>\n<meta property=\"og:locale\" content=\"lt_LT\" \/>\n<meta property=\"og:type\" content=\"article\" \/>\n<meta property=\"og:title\" content=\"Geriausieji - Bir\u017e\u0173 \u201eAu\u0161ros\u201c pagrindin\u0117 mokykla\" \/>\n<meta property=\"og:url\" content=\"https:\/\/birzuausra.lt\/index.php\/ugdymas\/mokiniu-pasiekimai\/pirmunai\/\" \/>\n<meta property=\"og:site_name\" content=\"Bir\u017e\u0173 \u201eAu\u0161ros\u201c pagrindin\u0117 mokykla\" \/>\n<meta property=\"article:publisher\" content=\"https:\/\/lt-lt.facebook.com\/birzuausra\" \/>\n<meta property=\"article:modified_time\" content=\"2020-01-15T11:49:31+00:00\" \/>\n<meta name=\"twitter:card\" content=\"summary_large_image\" \/>\n<script type=\"application\/ld+json\" class=\"yoast-schema-graph\">{\"@context\":\"https:\\\/\\\/schema.org\",\"@graph\":[{\"@type\":\"WebPage\",\"@id\":\"https:\\\/\\\/birzuausra.lt\\\/index.php\\\/ugdymas\\\/mokiniu-pasiekimai\\\/pirmunai\\\/\",\"url\":\"https:\\\/\\\/birzuausra.lt\\\/index.php\\\/ugdymas\\\/mokiniu-pasiekimai\\\/pirmunai\\\/\",\"name\":\"Geriausieji - Bir\u017e\u0173 \u201eAu\u0161ros\u201c pagrindin\u0117 mokykla\",\"isPartOf\":{\"@id\":\"https:\\\/\\\/birzuausra.lt\\\/#website\"},\"datePublished\":\"2015-12-30T10:53:41+00:00\",\"dateModified\":\"2020-01-15T11:49:31+00:00\",\"breadcrumb\":{\"@id\":\"https:\\\/\\\/birzuausra.lt\\\/index.php\\\/ugdymas\\\/mokiniu-pasiekimai\\\/pirmunai\\\/#breadcrumb\"},\"inLanguage\":\"lt-LT\",\"potentialAction\":[{\"@type\":\"ReadAction\",\"target\":[\"https:\\\/\\\/birzuausra.lt\\\/index.php\\\/ugdymas\\\/mokiniu-pasiekimai\\\/pirmunai\\\/\"]}]},{\"@type\":\"BreadcrumbList\",\"@id\":\"https:\\\/\\\/birzuausra.lt\\\/index.php\\\/ugdymas\\\/mokiniu-pasiekimai\\\/pirmunai\\\/#breadcrumb\",\"itemListElement\":[{\"@type\":\"ListItem\",\"position\":1,\"name\":\"Home\",\"item\":\"https:\\\/\\\/birzuausra.lt\\\/\"},{\"@type\":\"ListItem\",\"position\":2,\"name\":\"Ugdymas\",\"item\":\"https:\\\/\\\/birzuausra.lt\\\/index.php\\\/ugdymas\\\/\"},{\"@type\":\"ListItem\",\"position\":3,\"name\":\"Mokini\u0173 pasiekimai\",\"item\":\"https:\\\/\\\/birzuausra.lt\\\/index.php\\\/ugdymas\\\/mokiniu-pasiekimai\\\/\"},{\"@type\":\"ListItem\",\"position\":4,\"name\":\"Geriausieji\"}]},{\"@type\":\"WebSite\",\"@id\":\"https:\\\/\\\/birzuausra.lt\\\/#website\",\"url\":\"https:\\\/\\\/birzuausra.lt\\\/\",\"name\":\"Bir\u017e\u0173 \u201eAu\u0161ros\u201c pagrindin\u0117 mokykla\",\"description\":\"\",\"publisher\":{\"@id\":\"https:\\\/\\\/birzuausra.lt\\\/#organization\"},\"potentialAction\":[{\"@type\":\"SearchAction\",\"target\":{\"@type\":\"EntryPoint\",\"urlTemplate\":\"https:\\\/\\\/birzuausra.lt\\\/?s={search_term_string}\"},\"query-input\":{\"@type\":\"PropertyValueSpecification\",\"valueRequired\":true,\"valueName\":\"search_term_string\"}}],\"inLanguage\":\"lt-LT\"},{\"@type\":\"Organization\",\"@id\":\"https:\\\/\\\/birzuausra.lt\\\/#organization\",\"name\":\"Bir\u017e\u0173 \\\"Au\u0161ros\\\" pagrindin\u0117 mokykla\",\"url\":\"https:\\\/\\\/birzuausra.lt\\\/\",\"logo\":{\"@type\":\"ImageObject\",\"inLanguage\":\"lt-LT\",\"@id\":\"https:\\\/\\\/birzuausra.lt\\\/#\\\/schema\\\/logo\\\/image\\\/\",\"url\":\"https:\\\/\\\/birzuausra.lt\\\/wp-content\\\/uploads\\\/2019\\\/12\\\/veliava_tais_rem-e1578058666964.jpg\",\"contentUrl\":\"https:\\\/\\\/birzuausra.lt\\\/wp-content\\\/uploads\\\/2019\\\/12\\\/veliava_tais_rem-e1578058666964.jpg\",\"width\":75,\"height\":75,\"caption\":\"Bir\u017e\u0173 \\\"Au\u0161ros\\\" pagrindin\u0117 mokykla\"},\"image\":{\"@id\":\"https:\\\/\\\/birzuausra.lt\\\/#\\\/schema\\\/logo\\\/image\\\/\"},\"sameAs\":[\"https:\\\/\\\/lt-lt.facebook.com\\\/birzuausra\",\"https:\\\/\\\/www.youtube.com\\\/user\\\/birzuausra47\\\/featured\",\"https:\\\/\\\/lt.wikipedia.org\\\/wiki\\\/Bir\u017e\u0173_Au\u0161ros_pagrindin\u0117_mokykla\"]}]}<\/script>\n<!-- \/ Yoast SEO plugin. -->","yoast_head_json":{"title":"Geriausieji - Bir\u017e\u0173 \u201eAu\u0161ros\u201c pagrindin\u0117 mokykla","robots":{"index":"index","follow":"follow","max-snippet":"max-snippet:-1","max-image-preview":"max-image-preview:large","max-video-preview":"max-video-preview:-1"},"canonical":"https:\/\/birzuausra.lt\/index.php\/ugdymas\/mokiniu-pasiekimai\/pirmunai\/","og_locale":"lt_LT","og_type":"article","og_title":"Geriausieji - Bir\u017e\u0173 \u201eAu\u0161ros\u201c pagrindin\u0117 mokykla","og_url":"https:\/\/birzuausra.lt\/index.php\/ugdymas\/mokiniu-pasiekimai\/pirmunai\/","og_site_name":"Bir\u017e\u0173 \u201eAu\u0161ros\u201c pagrindin\u0117 mokykla","article_publisher":"https:\/\/lt-lt.facebook.com\/birzuausra","article_modified_time":"2020-01-15T11:49:31+00:00","twitter_card":"summary_large_image","schema":{"@context":"https:\/\/schema.org","@graph":[{"@type":"WebPage","@id":"https:\/\/birzuausra.lt\/index.php\/ugdymas\/mokiniu-pasiekimai\/pirmunai\/","url":"https:\/\/birzuausra.lt\/index.php\/ugdymas\/mokiniu-pasiekimai\/pirmunai\/","name":"Geriausieji - Bir\u017e\u0173 \u201eAu\u0161ros\u201c pagrindin\u0117 mokykla","isPartOf":{"@id":"https:\/\/birzuausra.lt\/#website"},"datePublished":"2015-12-30T10:53:41+00:00","dateModified":"2020-01-15T11:49:31+00:00","breadcrumb":{"@id":"https:\/\/birzuausra.lt\/index.php\/ugdymas\/mokiniu-pasiekimai\/pirmunai\/#breadcrumb"},"inLanguage":"lt-LT","potentialAction":[{"@type":"ReadAction","target":["https:\/\/birzuausra.lt\/index.php\/ugdymas\/mokiniu-pasiekimai\/pirmunai\/"]}]},{"@type":"BreadcrumbList","@id":"https:\/\/birzuausra.lt\/index.php\/ugdymas\/mokiniu-pasiekimai\/pirmunai\/#breadcrumb","itemListElement":[{"@type":"ListItem","position":1,"name":"Home","item":"https:\/\/birzuausra.lt\/"},{"@type":"ListItem","position":2,"name":"Ugdymas","item":"https:\/\/birzuausra.lt\/index.php\/ugdymas\/"},{"@type":"ListItem","position":3,"name":"Mokini\u0173 pasiekimai","item":"https:\/\/birzuausra.lt\/index.php\/ugdymas\/mokiniu-pasiekimai\/"},{"@type":"ListItem","position":4,"name":"Geriausieji"}]},{"@type":"WebSite","@id":"https:\/\/birzuausra.lt\/#website","url":"https:\/\/birzuausra.lt\/","name":"Bir\u017e\u0173 \u201eAu\u0161ros\u201c pagrindin\u0117 mokykla","description":"","publisher":{"@id":"https:\/\/birzuausra.lt\/#organization"},"potentialAction":[{"@type":"SearchAction","target":{"@type":"EntryPoint","urlTemplate":"https:\/\/birzuausra.lt\/?s={search_term_string}"},"query-input":{"@type":"PropertyValueSpecification","valueRequired":true,"valueName":"search_term_string"}}],"inLanguage":"lt-LT"},{"@type":"Organization","@id":"https:\/\/birzuausra.lt\/#organization","name":"Bir\u017e\u0173 \"Au\u0161ros\" pagrindin\u0117 mokykla","url":"https:\/\/birzuausra.lt\/","logo":{"@type":"ImageObject","inLanguage":"lt-LT","@id":"https:\/\/birzuausra.lt\/#\/schema\/logo\/image\/","url":"https:\/\/birzuausra.lt\/wp-content\/uploads\/2019\/12\/veliava_tais_rem-e1578058666964.jpg","contentUrl":"https:\/\/birzuausra.lt\/wp-content\/uploads\/2019\/12\/veliava_tais_rem-e1578058666964.jpg","width":75,"height":75,"caption":"Bir\u017e\u0173 \"Au\u0161ros\" pagrindin\u0117 mokykla"},"image":{"@id":"https:\/\/birzuausra.lt\/#\/schema\/logo\/image\/"},"sameAs":["https:\/\/lt-lt.facebook.com\/birzuausra","https:\/\/www.youtube.com\/user\/birzuausra47\/featured","https:\/\/lt.wikipedia.org\/wiki\/Bir\u017e\u0173_Au\u0161ros_pagrindin\u0117_mokykla"]}]}},"_links":{"self":[{"href":"https:\/\/birzuausra.lt\/index.php\/wp-json\/wp\/v2\/pages\/942","targetHints":{"allow":["GET"]}}],"collection":[{"href":"https:\/\/birzuausra.lt\/index.php\/wp-json\/wp\/v2\/pages"}],"about":[{"href":"https:\/\/birzuausra.lt\/index.php\/wp-json\/wp\/v2\/types\/page"}],"author":[{"embeddable":true,"href":"https:\/\/birzuausra.lt\/index.php\/wp-json\/wp\/v2\/users\/1"}],"replies":[{"embeddable":true,"href":"https:\/\/birzuausra.lt\/index.php\/wp-json\/wp\/v2\/comments?post=942"}],"version-history":[{"count":8,"href":"https:\/\/birzuausra.lt\/index.php\/wp-json\/wp\/v2\/pages\/942\/revisions"}],"predecessor-version":[{"id":11432,"href":"https:\/\/birzuausra.lt\/index.php\/wp-json\/wp\/v2\/pages\/942\/revisions\/11432"}],"up":[{"embeddable":true,"href":"https:\/\/birzuausra.lt\/index.php\/wp-json\/wp\/v2\/pages\/222"}],"wp:attachment":[{"href":"https:\/\/birzuausra.lt\/index.php\/wp-json\/wp\/v2\/media?parent=942"}],"curies":[{"name":"wp","href":"https:\/\/api.w.org\/{rel}","templated":true}]}}